{"id":1383,"date":"2022-10-23T22:41:37","date_gmt":"2022-10-23T22:41:37","guid":{"rendered":"https:\/\/turkaclinic.com\/?page_id=1383"},"modified":"2022-10-28T09:17:27","modified_gmt":"2022-10-28T09:17:27","slug":"ameliyatsiz-estetik","status":"publish","type":"page","link":"https:\/\/turkaclinic.com\/tr\/ameliyatsiz-estetik\/","title":{"rendered":"Ameliyats\u0131z Estetik"},"content":{"rendered":"\t\t<div data-elementor-type=\"wp-page\" data-elementor-id=\"1383\" class=\"elementor elementor-1383 elementor-1323\" data-elementor-post-type=\"page\">\n\t\t\t\t\t\t<section class=\"elementor-section elementor-top-section elementor-element elementor-element-4e513c4 elementor-section-boxed elementor-section-height-default elementor-section-height-default\" data-id=\"4e513c4\" data-element_type=\"section\" data-e-type=\"section\" data-settings=\"{&quot;jet_parallax_layout_list&quot;:[]}\">\n\t\t\t\t\t\t<div class=\"elementor-container elementor-column-gap-default\">\n\t\t\t\t\t<div class=\"elementor-column elementor-col-100 elementor-top-column elementor-element elementor-element-fb5d437\" data-id=\"fb5d437\" data-element_type=\"column\" data-e-type=\"column\">\n\t\t\t<div class=\"elementor-widget-wrap elementor-element-populated\">\n\t\t\t\t\t\t<div class=\"elementor-element elementor-element-9341afc elementor-widget elementor-widget-text-editor\" data-id=\"9341afc\" data-element_type=\"widget\" data-e-type=\"widget\" data-widget_type=\"text-editor.default\">\n\t\t\t\t<div class=\"elementor-widget-container\">\n\t\t\t\t\t\t\t\t\t<div class=\"wpb_text_column wpb_content_element \"><div class=\"wpb_wrapper\"><h4><strong>Ameliyats\u0131z Estetik tedaviler<\/strong><\/h4><p>D\u00fcnya \u00e7ap\u0131ndaki geli\u015fmelerle birlikte Turka Clinic, en son teknolojilere ve a\u015fa\u011f\u0131dakiler gibi cerrahi olmayan kozmetik tedavilere g\u00fcvenerek bu alanda da dikkate de\u011fer bir ilerleme kaydetmi\u015ftir:<\/p><ul><li>Liposuction: Kar\u0131nda veya kal\u00e7as\u0131nda ya\u011f birikimi olan ki\u015filer, Vaser tekni\u011fi gibi Turka Clinic&#8217;in sundu\u011fu en son teknolojileri kullanan plastik cerrahlar\u0131n uzmanlar\u0131na ba\u011fl\u0131 olarak liposuction ile h\u0131zla ondan kurtulabilirler.<\/li><li>Kimyasal peeling: Kimyasal peeling, y\u00fcz cildini gen\u00e7le\u015ftirmeyi ve g\u00f6z \u00e7evresindeki k\u0131r\u0131\u015f\u0131kl\u0131klar\u0131, sarkmalar\u0131, \u00e7illeri, sivilceleri, siyah noktalar\u0131 ve koyu lekeleri gidermeyi ama\u00e7lar.<\/li><li>Ameliyats\u0131z Burun Germe: Burun dolgusu enjeksiyonu, burnunuzu yeniden \u015fekillendirmeyi, burun k\u00f6pr\u00fcs\u00fcn\u00fc g\u00fc\u00e7lendirmeyi ve u\u00e7 e\u011frili\u011fini iyile\u015ftirmeyi ama\u00e7layan ancak onu azaltmay\u0131 ama\u00e7layan ameliyats\u0131z bir i\u015flemdir. Dolgu enjeksiyonlar\u0131, bile\u015fim olarak burun k\u0131k\u0131rda\u011f\u0131na benzer kolajen ve hyaluronik asit i\u00e7erir.<\/li><li>Y\u00fcz enjeksiyonlar\u0131: Durumunuza ba\u011fl\u0131 olarak Botox, dolgu maddeleri ve otolog ya\u011f enjeksiyonlar\u0131 gibi yapabilece\u011finiz bir\u00e7ok y\u00fcz enjeksiyonu t\u00fcr\u00fc vard\u0131r. Bu enjeksiyonlar y\u00fczdeki k\u0131r\u0131\u015f\u0131kl\u0131klar\u0131, sarkmalar\u0131 ve ince \u00e7izgileri giderir.<\/li><li>Mezoterapi: Sa\u00e7 k\u00f6klerinizi g\u00fc\u00e7lendiren ve sa\u00e7 derisindeki kan dola\u015f\u0131m\u0131n\u0131 uyararak eskisinden daha g\u00fc\u00e7l\u00fc yeni sa\u00e7lar\u0131n \u00e7\u0131kmas\u0131n\u0131 sa\u011flayan bir sa\u00e7 tedavisidir.<\/li><li>Platelet Rich Plasma \u201cPRP\u201d: Plazma enjeksiyonu yapt\u0131racak ki\u015finin kan\u0131ndan plazma al\u0131n\u0131r, yani PRP sa\u00e7 seyrelmesi ve sa\u00e7 d\u00f6k\u00fclmesini tedavi eden do\u011fal bir sa\u00e7 tedavisidir.<\/li><li>Kollajen: Kolajen, sa\u00e7 k\u00f6klerini g\u00fc\u00e7lendirmek ve cilt tabakas\u0131n\u0131 g\u00fc\u00e7lendirmek gibi kozmetik ama\u00e7l\u0131 veya kan dola\u015f\u0131m\u0131n\u0131 ve kalbi uyarmak, di\u015fleri ve t\u0131rnaklar\u0131 korumak gibi fonksiyonel ama\u00e7larla kullan\u0131l\u0131r.<\/li><li>Otolog ya\u011f enjeksiyonu: Bu bir ya\u011f transferi prosed\u00fcr\u00fc olarak bilinir. Kar\u0131n veya popo gibi obeziteden muzdarip b\u00f6lgelerden, incelikten muzdarip veya s\u0131k\u0131la\u015ft\u0131r\u0131lmas\u0131 gereken b\u00f6lgelere ya\u011f transferine, yani do\u011fal ya\u011f\u0131n v\u00fccutta yeniden da\u011f\u0131t\u0131lmas\u0131na ba\u011fl\u0131d\u0131r.<\/li><li>Alt\u0131n Tinnitus Tedavisi: Alt\u0131n iplikler olarak bilinen y\u00fcz, boyun, \u00e7ene ve al\u0131n b\u00f6lgesini s\u0131k\u0131la\u015ft\u0131rmak i\u00e7in kullan\u0131l\u0131r. \u0130pler, cilt dokusuna kolayca emilen, k\u0131r\u0131\u015f\u0131kl\u0131klar\u0131 ve sarkmalar\u0131 gidermeye ve y\u00fcz\u00fc gen\u00e7le\u015ftirmeye \u00e7al\u0131\u015fan poli-laktik asitten yap\u0131lm\u0131\u015ft\u0131r.<\/li><\/ul><h4>Ameliyats\u0131z Estetik tedavi adaylar\u0131<\/h4><p>Ki\u015fi sa\u011fl\u0131kl\u0131 bir ya\u015fam s\u00fcrmeli. Kalp hastal\u0131\u011f\u0131, imm\u00fcn yetmezlik hastal\u0131klar\u0131 veya \u015feker hastal\u0131\u011f\u0131 gibi baz\u0131 hastal\u0131klar\u0131 varsa, yapt\u0131rmadan \u00f6nce bir doktor taraf\u0131ndan de\u011ferlendirilmelidir. Hasta ayr\u0131ca sa\u011fl\u0131\u011f\u0131n\u0131 sa\u011flamak i\u00e7in baz\u0131 g\u00f6r\u00fcnt\u00fcleme ve kan testlerinden ge\u00e7er.<\/p><p>A\u015fa\u011f\u0131daki ki\u015filer i\u00e7in de uygundur:<\/p><ol><li>Ameliyattan korkan insanlar.<\/li><li>Akne, k\u0131r\u0131\u015f\u0131kl\u0131k, sarkma veya \u00e7izgileri olan ki\u015filer.<\/li><li>Sa\u00e7 seyrelmesi veya sa\u00e7 d\u00f6k\u00fclmesi olan ki\u015filer.<\/li><li>Burunda baz\u0131 kusurlar\u0131 olan ve rinoplastinin cerrahi y\u00f6nteminden ka\u00e7\u0131nmak isteyen ki\u015filer.<\/li><li>Kar\u0131n veya belde ya\u011f birikmesinden muzdarip.<\/li><\/ol><h4>Ameliyats\u0131z plastik cerrahi planlama<\/h4><p>Turka Clinic&#8217;te ameliyats\u0131z kozmetik prosed\u00fcr yapmak hi\u00e7 bu kadar kolay olmam\u0131\u015ft\u0131, sadece 3 ad\u0131mda en iyi ameliyats\u0131z kozmetik tedaviyi yapt\u0131rabilirsiniz!<\/p><ul><li>Klinik uzmanlar\u0131m\u0131zdan \u00fccretsiz dan\u0131\u015fmanl\u0131k al\u0131n.<\/li><li>\u0130stanbul&#8217;da 5 y\u0131ld\u0131zl\u0131 bir hastanede konaklama ve ula\u015f\u0131m\u0131n\u0131z\u0131 organize edecek ve plastik cerrahiyi ayarlayacak ekip (Turka Clinic) ile koordinasyon.<\/li><li>\u0130stanbul&#8217;a gelin, doktorunuzla tan\u0131\u015f\u0131n, hayat\u0131n\u0131z\u0131 de\u011fi\u015ftirme s\u00fcrecine haz\u0131rlan\u0131n ve garanti belgenizi al\u0131n.<\/li><\/ul><\/div><\/div><div id=\"ct-space-6355b044337cd\">\u00a0<\/div>\t\t\t\t\t\t\t\t<\/div>\n\t\t\t\t<\/div>\n\t\t\t\t\t<\/div>\n\t\t<\/div>\n\t\t\t\t\t<\/div>\n\t\t<\/section>\n\t\t\t\t<section class=\"elementor-section elementor-top-section elementor-element elementor-element-4715f72 elementor-section-boxed elementor-section-height-default elementor-section-height-default\" data-id=\"4715f72\" data-element_type=\"section\" data-e-type=\"section\" data-settings=\"{&quot;jet_parallax_layout_list&quot;:[],&quot;animation_mobile&quot;:&quot;bounceIn&quot;}\">\n\t\t\t\t\t\t<div class=\"elementor-container elementor-column-gap-default\">\n\t\t\t\t\t<div class=\"elementor-column elementor-col-100 elementor-top-column elementor-element elementor-element-c8cdcb9\" data-id=\"c8cdcb9\" data-element_type=\"column\" data-e-type=\"column\">\n\t\t\t<div class=\"elementor-widget-wrap elementor-element-populated\">\n\t\t\t\t\t\t<div class=\"elementor-element elementor-element-9981162 elementor-widget elementor-widget-jet-posts\" data-id=\"9981162\" data-element_type=\"widget\" data-e-type=\"widget\" data-settings=\"{&quot;columns&quot;:&quot;3&quot;,&quot;columns_mobile&quot;:&quot;1&quot;,&quot;slides_to_scroll&quot;:&quot;1&quot;}\" data-widget_type=\"jet-posts.default\">\n\t\t\t\t<div class=\"elementor-widget-container\">\n\t\t\t\t\t<div class=\"elementor-jet-posts jet-elements\"><div class=\"jet-posts col-row  jet-equal-cols\"><div class=\"jet-posts__item\">\n\t<div class=\"jet-posts__inner-box\" style=\"background-image: url('https:\/\/turkaclinic.com\/wp-content\/uploads\/2022\/10\/Non-surgical_body_sculpting.png'); background-repeat: no-repeat; background-size: cover; background-position: center center;\"><div class=\"jet-posts__inner-content\"><h4 class=\"entry-title\"><a href=\"https:\/\/turkaclinic.com\/tr\/non-surgical-treatment-tr\/ameliyatsiz-vucut-sekillendirme\/\" target=\"\">Ameliyats\u0131z V\u00fccut \u015eekillendirme<\/a><\/h4><div class=\"entry-excerpt\">Ameliyats\u0131z v\u00fccut \u015fekillendirme &nbsp;Ya\u015fad\u0131\u011f\u0131m\u0131z bilimsel geli\u015fmelerin bir sonucu olarak, son zamanlarda T\u00fcrkiye&#8217;de v\u00fccut \u015fekillendirme s\u00fcrecinde kullan\u0131lan, b\u00fcy\u00fck \u00f6l\u00e7\u00fcde ya\u011fl\u0131 k\u00fctlelerin&hellip;<\/div><\/div><\/div>\n<\/div>\n<div class=\"jet-posts__item\">\n\t<div class=\"jet-posts__inner-box\" style=\"background-image: url('https:\/\/turkaclinic.com\/wp-content\/uploads\/2022\/10\/filler.jpg'); background-repeat: no-repeat; background-size: cover; background-position: center center;\"><div class=\"jet-posts__inner-content\"><h4 class=\"entry-title\"><a href=\"https:\/\/turkaclinic.com\/tr\/non-surgical-treatment-tr\/dolgu\/\" target=\"\">Dolgu<\/a><\/h4><div class=\"entry-excerpt\">Dolgu.. nedir&nbsp; &nbsp;Dolgu, v\u00fccuttaki belirli yerleri doldurmak ve doldurmak, onlardaki g\u00fczellik \u00f6zelliklerini g\u00f6stermek ve onlara gen\u00e7lik ve canl\u0131l\u0131k kazand\u0131rmak i\u00e7in&hellip;<\/div><\/div><\/div>\n<\/div>\n<div class=\"jet-posts__item\">\n\t<div class=\"jet-posts__inner-box\" style=\"background-image: url('https:\/\/turkaclinic.com\/wp-content\/uploads\/2022\/10\/Fractional.jpg'); background-repeat: no-repeat; background-size: cover; background-position: center center;\"><div class=\"jet-posts__inner-content\"><h4 class=\"entry-title\"><a href=\"https:\/\/turkaclinic.com\/tr\/non-surgical-treatment-tr\/fraksiyonel-lazer\/\" target=\"\">Fraksiyonel lazer<\/a><\/h4><div class=\"entry-excerpt\">Fraksiyonel lazer &nbsp;son zamanlarda daha b\u00fcy\u00fck sorunlar\u0131 \u00e7\u00f6zmek, kusurlar\u0131n\u0131 ve eksikliklerini gidermek amac\u0131yla giderek daha fazla geli\u015fmeye ba\u015flad\u0131, b\u00f6ylece y\u00fcz&hellip;<\/div><\/div><\/div>\n<\/div>\n<div class=\"jet-posts__item\">\n\t<div class=\"jet-posts__inner-box\" style=\"background-image: url('https:\/\/turkaclinic.com\/wp-content\/uploads\/2022\/10\/glutathione.jpg'); background-repeat: no-repeat; background-size: cover; background-position: center center;\"><div class=\"jet-posts__inner-content\"><h4 class=\"entry-title\"><a href=\"https:\/\/turkaclinic.com\/tr\/non-surgical-treatment-tr\/glutatyon\/\" target=\"\">Glutatyon<\/a><\/h4><div class=\"entry-excerpt\">&nbsp;glutatyon nedir &nbsp;Glutatyon v\u00fccutta do\u011fal olarak GSH olarak da adland\u0131r\u0131lan karaci\u011fer taraf\u0131ndan \u00fcretilir ve bu madde \u00fc\u00e7 tip amino asitten&hellip;<\/div><\/div><\/div>\n<\/div>\n<div class=\"jet-posts__item\">\n\t<div class=\"jet-posts__inner-box\" style=\"background-image: url('https:\/\/turkaclinic.com\/wp-content\/uploads\/2022\/10\/franszaski.jpg'); background-repeat: no-repeat; background-size: cover; background-position: center center;\"><div class=\"jet-posts__inner-content\"><h4 class=\"entry-title\"><a href=\"https:\/\/turkaclinic.com\/tr\/non-surgical-treatment-tr\/yuz-germe-ameliyati\/\" target=\"\">\u00a0Y\u00fcz Germe Ameliyat\u0131<\/a><\/h4><div class=\"entry-excerpt\">Y\u00fcz Germe Ameliyat\u0131 &nbsp;\u00dcnl\u00fcler ve sosyete y\u0131ld\u0131zlar\u0131 da dahil olmak \u00fczere pek \u00e7ok ki\u015fi i\u00e7in y\u00fcz germe en iyi se\u00e7enek\u2026&hellip;<\/div><\/div><\/div>\n<\/div>\n<div class=\"jet-posts__item\">\n\t<div class=\"jet-posts__inner-box\" style=\"background-image: url('https:\/\/turkaclinic.com\/wp-content\/uploads\/2022\/10\/mole-removal.jpg'); background-repeat: no-repeat; background-size: cover; background-position: center center;\"><div class=\"jet-posts__inner-content\"><h4 class=\"entry-title\"><a href=\"https:\/\/turkaclinic.com\/tr\/non-surgical-treatment-tr\/benlerin-nevus-lazer-tedavisi\/\" target=\"\">Benlerin (Nev\u00fcs) Lazer Tedavisi<\/a><\/h4><div class=\"entry-excerpt\">Benlerin (Nev\u00fcs) lazer tedavisi ile benlerin yok edilmesi.&nbsp; &nbsp;Bir lazer seans\u0131nda benlerinizden kurtulabilirsiniz. &nbsp;Ameliyatla ka\u00e7 ben al\u0131nabiliyorsa art\u0131k lazerle de&hellip;<\/div><\/div><\/div>\n<\/div>\n<div class=\"jet-posts__item\">\n\t<div class=\"jet-posts__inner-box\" style=\"background-image: url('https:\/\/turkaclinic.com\/wp-content\/uploads\/2022\/10\/PRP.jpg'); background-repeat: no-repeat; background-size: cover; background-position: center center;\"><div class=\"jet-posts__inner-content\"><h4 class=\"entry-title\"><a href=\"https:\/\/turkaclinic.com\/tr\/non-surgical-treatment-tr\/prp-enjeksiyonu\/\" target=\"\">PRP Enjeksiyonu<\/a><\/h4><div class=\"entry-excerpt\">PRP Enjeksiyonu&nbsp; &nbsp;PRP terimi i\u00e7in bir k\u0131saltmad\u0131r &nbsp;Platelet Rich Plasma, Plasma veya PRP ki\u015finin kendi kan\u0131ndan al\u0131nan biyolojik bir tedavidir.&hellip;<\/div><\/div><\/div>\n<\/div>\n<div class=\"jet-posts__item\">\n\t<div class=\"jet-posts__inner-box\" style=\"background-image: url('https:\/\/turkaclinic.com\/wp-content\/uploads\/2022\/10\/hk.jpg'); background-repeat: no-repeat; background-size: cover; background-position: center center;\"><div class=\"jet-posts__inner-content\"><h4 class=\"entry-title\"><a href=\"https:\/\/turkaclinic.com\/tr\/non-surgical-treatment-tr\/yuz-yag-enjeksiyonu\/\" target=\"\">Y\u00fcz Ya\u011f Enjeksiyonu<\/a><\/h4><div class=\"entry-excerpt\">Turca Clinic&#8217;te Y\u00fcz Enjeksiyonlar\u0131 Klini\u011fimizde uzmanlar\u0131m\u0131z y\u00fcz gerdirmenin an\u0131nda ve uzun s\u00fcreli do\u011fal sonu\u00e7lar\u0131n\u0131 garanti eden \u00fc\u00e7 ana tip y\u00fcz&hellip;<\/div><\/div><\/div>\n<\/div>\n<div class=\"jet-posts__item\">\n\t<div class=\"jet-posts__inner-box\" style=\"background-image: url('https:\/\/turkaclinic.com\/wp-content\/uploads\/2022\/10\/hea.jpg'); background-repeat: no-repeat; background-size: cover; background-position: center center;\"><div class=\"jet-posts__inner-content\"><h4 class=\"entry-title\"><a href=\"https:\/\/turkaclinic.com\/tr\/non-surgical-treatment-tr\/mezoterapi\/\" target=\"\">Mezoterapi<\/a><\/h4><div class=\"entry-excerpt\">Mezoterapi, b\u00fcy\u00fcl\u00fc do\u011fal ila\u00e7 Mezoterapi, v\u00fccudun hem k\u0131llar\u0131n\u0131 hem de cildini tedavi etmeyi ama\u00e7layan ameliyats\u0131z bir cilt gen\u00e7le\u015ftirme tedavisidir. Mezoterapi&hellip;<\/div><\/div><\/div>\n<\/div>\n<\/div>\n<\/div>\t\t\t\t<\/div>\n\t\t\t\t<\/div>\n\t\t\t\t\t<\/div>\n\t\t<\/div>\n\t\t\t\t\t<\/div>\n\t\t<\/section>\n\t\t\t\t<\/div>\n\t\t","protected":false},"excerpt":{"rendered":"<p>Ameliyats\u0131z Estetik tedaviler D\u00fcnya \u00e7ap\u0131ndaki geli\u015fmelerle birlikte Turka Clinic, en son teknolojilere ve a\u015fa\u011f\u0131dakiler gibi cerrahi olmayan kozmetik tedavilere g\u00fcvenerek bu alanda da dikkate de\u011fer bir ilerleme kaydetmi\u015ftir: Liposuction: Kar\u0131nda veya kal\u00e7as\u0131nda ya\u011f birikimi olan ki\u015filer, Vaser tekni\u011fi gibi Turka Clinic&#8217;in sundu\u011fu en son teknolojileri kullanan plastik cerrahlar\u0131n uzmanlar\u0131na ba\u011fl\u0131 olarak liposuction ile h\u0131zla ondan [&hellip;]<\/p>\n","protected":false},"author":2,"featured_media":1324,"parent":0,"menu_order":0,"comment_status":"closed","ping_status":"closed","template":"","meta":{"footnotes":""},"class_list":["post-1383","page","type-page","status-publish","has-post-thumbnail","hentry"],"_links":{"self":[{"href":"https:\/\/turkaclinic.com\/tr\/wp-json\/wp\/v2\/pages\/1383","targetHints":{"allow":["GET"]}}],"collection":[{"href":"https:\/\/turkaclinic.com\/tr\/wp-json\/wp\/v2\/pages"}],"about":[{"href":"https:\/\/turkaclinic.com\/tr\/wp-json\/wp\/v2\/types\/page"}],"author":[{"embeddable":true,"href":"https:\/\/turkaclinic.com\/tr\/wp-json\/wp\/v2\/users\/2"}],"replies":[{"embeddable":true,"href":"https:\/\/turkaclinic.com\/tr\/wp-json\/wp\/v2\/comments?post=1383"}],"version-history":[{"count":0,"href":"https:\/\/turkaclinic.com\/tr\/wp-json\/wp\/v2\/pages\/1383\/revisions"}],"wp:featuredmedia":[{"embeddable":true,"href":"https:\/\/turkaclinic.com\/tr\/wp-json\/wp\/v2\/media\/1324"}],"wp:attachment":[{"href":"https:\/\/turkaclinic.com\/tr\/wp-json\/wp\/v2\/media?parent=1383"}],"curies":[{"name":"wp","href":"https:\/\/api.w.org\/{rel}","templated":true}]}}