{"id":1393,"date":"2022-10-23T22:52:56","date_gmt":"2022-10-23T22:52:56","guid":{"rendered":"https:\/\/turkaclinic.com\/?page_id=1393"},"modified":"2022-10-24T07:53:39","modified_gmt":"2022-10-24T07:53:39","slug":"sac-ekimi","status":"publish","type":"page","link":"https:\/\/turkaclinic.com\/tr\/sac-ekimi\/","title":{"rendered":"Sa\u00e7 Ekimi"},"content":{"rendered":"\t\t<div data-elementor-type=\"wp-page\" data-elementor-id=\"1393\" class=\"elementor elementor-1393 elementor-1254\" data-elementor-post-type=\"page\">\n\t\t\t\t\t\t<section class=\"elementor-section elementor-top-section elementor-element elementor-element-c044435 elementor-section-boxed elementor-section-height-default elementor-section-height-default\" data-id=\"c044435\" data-element_type=\"section\" data-e-type=\"section\" data-settings=\"{&quot;jet_parallax_layout_list&quot;:[]}\">\n\t\t\t\t\t\t<div class=\"elementor-container elementor-column-gap-default\">\n\t\t\t\t\t<div class=\"elementor-column elementor-col-100 elementor-top-column elementor-element elementor-element-b718c4c\" data-id=\"b718c4c\" data-element_type=\"column\" data-e-type=\"column\">\n\t\t\t<div class=\"elementor-widget-wrap elementor-element-populated\">\n\t\t\t\t\t\t<div class=\"elementor-element elementor-element-65bafa3 elementor-widget elementor-widget-text-editor\" data-id=\"65bafa3\" data-element_type=\"widget\" data-e-type=\"widget\" data-widget_type=\"text-editor.default\">\n\t\t\t\t<div class=\"elementor-widget-container\">\n\t\t\t\t\t\t\t\t\t<h4><strong>Sa\u00e7 Ekimi Y\u00f6ntemleri<\/strong><\/h4><p>(Turka Clinic) olarak, m\u00fc\u015fterilerimizin t\u00fcm ihtiya\u00e7lar\u0131n\u0131 kar\u015f\u0131lamak i\u00e7in sa\u00e7 ekimi alan\u0131ndaki en son t\u0131bbi teknolojileri kullan\u0131yoruz.<\/p><p>Sa\u00e7 ekimi i\u015fleminde kullan\u0131lan y\u00f6ntem, ekilen k\u00f6k say\u0131s\u0131, don\u00f6r alan\u0131n yo\u011funlu\u011fu ve operasyon i\u00e7in ayr\u0131lan b\u00fct\u00e7eye g\u00f6re de\u011fi\u015fmektedir. Klini\u011fimizde alan\u0131nda uzman uzmanlar\u0131m\u0131z ile size uygun y\u00f6ntemi se\u00e7menize yard\u0131mc\u0131 oluyoruz, hemen bizimle ileti\u015fime ge\u00e7erek al\u0131n.<\/p><h4>En son sa\u00e7 ekim y\u00f6ntemlerimiz:<\/h4><ol><li><p><strong>(FUE) tekni\u011fi:<\/strong> Sa\u00e7\u0131n y\u00f6n\u00fcne ve do\u011fal derinli\u011fine g\u00f6re verici alandan tek tek (5000) sa\u00e7 k\u00f6k\u00fc al\u0131nmas\u0131 gerekti\u011finde bu y\u00f6ntemin kullan\u0131lmas\u0131 tercih edilir. Mega Folik\u00fcler \u00dcnite Ekstraksiyonu tekni\u011fine gelince, yakla\u015f\u0131k 7000 folik\u00fcl implante edilerek iki seans s\u00fcrer.<\/p><\/li><li><p><strong>Do\u011frudan sa\u00e7 ekimi (DHI) tekni\u011fi<\/strong>: (FUE) aksine; DHI tekni\u011finde sa\u00e7 k\u00f6kleri, t\u00fcm k\u00f6klerin toplanmas\u0131n\u0131 beklemeye gerek kalmadan tek tek don\u00f6r alandan do\u011frudan al\u0131c\u0131 alana nakledilir. Her sa\u00e7 k\u00f6k\u00fc belirli bir y\u00f6n, a\u00e7\u0131 ve derinlikte ekilerek y\u00fcksek yo\u011funluk sa\u011flan\u0131r.<\/p><\/li><li><p><strong>Robot teknolojisi<\/strong>: Operasyon s\u00fcresinin k\u0131salt\u0131lmas\u0131na katk\u0131 sa\u011flayan, d\u00fcnyadaki en son sa\u00e7 ekimi tekniklerinden biridir. \u0130\u015flem uzman doktorunuzun g\u00f6zetiminde ger\u00e7ekle\u015ftirilir ve normal i\u015flem s\u00fcresinin yar\u0131s\u0131ndan daha k\u0131sa bir s\u00fcrede \u015fimdiye kadarki en iyi, en do\u011fru ve en do\u011fal sonu\u00e7lar\u0131 verir.<\/p><\/li><\/ol><h4>Sa\u00e7 ekimi planlamas\u0131:<\/h4><p>(Turka Clinic)&#8217;te sa\u00e7 ekimi yapmak her zamankinden daha kolay, sadece \u00fc\u00e7 ad\u0131m ve \u00fc\u00e7 g\u00fcn ile do\u011fal sa\u00e7lar\u0131n\u0131z\u0131 geri kazanman\u0131z i\u00e7in yeterli!<\/p><p><br \/>\u2022Klinik uzmanlar\u0131m\u0131zdan \u00fccretsiz dan\u0131\u015fmanl\u0131k al\u0131n.<\/p><p>\u2022 \u0130stanbul&#8217;daki 5 y\u0131ld\u0131zl\u0131 hastanede konaklama ve ula\u015f\u0131m\u0131n\u0131z\u0131 organize edecek ve sa\u00e7 ekimi ayarlayacak ekip (Turka Clinic) ile koordinasyon.<\/p><p><br \/>\u2022\u0130stanbul&#8217;a gelin, doktorunuzla tan\u0131\u015f\u0131n, hayat\u0131n\u0131z\u0131 de\u011fi\u015ftirme s\u00fcrecine haz\u0131rlan\u0131n ve garanti belgenizi al\u0131n.<\/p><h4>Sa\u00e7 Ekim S\u00fcresi:<\/h4><p>\u0130\u015flem a\u015fa\u011f\u0131daki gibi sadece \u00fc\u00e7 g\u00fcn s\u00fcrer:<\/p><ul><li>Doktorunuz gerekli t\u0131bbi muayeneleri tamamlad\u0131ktan sonra var\u0131\u015f\u0131n\u0131z\u0131n ilk g\u00fcn\u00fcnde nakli ger\u00e7ekle\u015ftirecektir.<\/li><li>\u0130kinci g\u00fcn dinlenmek ve \u0130stanbul&#8217;un g\u00fczelli\u011finin tad\u0131n\u0131 \u00e7\u0131karmakt\u0131r.<\/li><li>\u00dc\u00e7\u00fcnc\u00fc g\u00fcn, doktorunuzun \u00fclkenize g\u00fcvenli bir \u015fekilde geri d\u00f6nmek i\u00e7in don\u00f6r ve al\u0131c\u0131 b\u00f6lgeleri y\u0131kayaca\u011f\u0131 bir takip seans\u0131 olacakt\u0131r.<\/li><\/ul>\t\t\t\t\t\t\t\t<\/div>\n\t\t\t\t<\/div>\n\t\t\t\t\t<\/div>\n\t\t<\/div>\n\t\t\t\t\t<\/div>\n\t\t<\/section>\n\t\t\t\t<section class=\"elementor-section elementor-top-section elementor-element elementor-element-36adabe elementor-section-boxed elementor-section-height-default elementor-section-height-default\" data-id=\"36adabe\" data-element_type=\"section\" data-e-type=\"section\" data-settings=\"{&quot;jet_parallax_layout_list&quot;:[],&quot;animation_mobile&quot;:&quot;bounceIn&quot;}\">\n\t\t\t\t\t\t<div class=\"elementor-container elementor-column-gap-default\">\n\t\t\t\t\t<div class=\"elementor-column elementor-col-100 elementor-top-column elementor-element elementor-element-4a39f5f\" data-id=\"4a39f5f\" data-element_type=\"column\" data-e-type=\"column\">\n\t\t\t<div class=\"elementor-widget-wrap elementor-element-populated\">\n\t\t\t\t\t\t<div class=\"elementor-element elementor-element-13c6584 elementor-widget elementor-widget-jet-posts\" data-id=\"13c6584\" data-element_type=\"widget\" data-e-type=\"widget\" data-settings=\"{&quot;columns&quot;:&quot;2&quot;,&quot;columns_mobile&quot;:&quot;1&quot;,&quot;slides_to_scroll&quot;:&quot;1&quot;}\" data-widget_type=\"jet-posts.default\">\n\t\t\t\t<div class=\"elementor-widget-container\">\n\t\t\t\t\t<div class=\"elementor-jet-posts jet-elements\"><div class=\"jet-posts col-row  jet-equal-cols\"><\/div>\n<\/div>\t\t\t\t<\/div>\n\t\t\t\t<\/div>\n\t\t\t\t\t<\/div>\n\t\t<\/div>\n\t\t\t\t\t<\/div>\n\t\t<\/section>\n\t\t\t\t<\/div>\n\t\t","protected":false},"excerpt":{"rendered":"<p>Sa\u00e7 Ekimi Y\u00f6ntemleri (Turka Clinic) olarak, m\u00fc\u015fterilerimizin t\u00fcm ihtiya\u00e7lar\u0131n\u0131 kar\u015f\u0131lamak i\u00e7in sa\u00e7 ekimi alan\u0131ndaki en son t\u0131bbi teknolojileri kullan\u0131yoruz. Sa\u00e7 ekimi i\u015fleminde kullan\u0131lan y\u00f6ntem, ekilen k\u00f6k say\u0131s\u0131, don\u00f6r alan\u0131n yo\u011funlu\u011fu ve operasyon i\u00e7in ayr\u0131lan b\u00fct\u00e7eye g\u00f6re de\u011fi\u015fmektedir. Klini\u011fimizde alan\u0131nda uzman uzmanlar\u0131m\u0131z ile size uygun y\u00f6ntemi se\u00e7menize yard\u0131mc\u0131 oluyoruz, hemen bizimle ileti\u015fime ge\u00e7erek al\u0131n. En son [&hellip;]<\/p>\n","protected":false},"author":2,"featured_media":1256,"parent":0,"menu_order":0,"comment_status":"closed","ping_status":"closed","template":"","meta":{"footnotes":""},"class_list":["post-1393","page","type-page","status-publish","has-post-thumbnail","hentry"],"_links":{"self":[{"href":"https:\/\/turkaclinic.com\/tr\/wp-json\/wp\/v2\/pages\/1393","targetHints":{"allow":["GET"]}}],"collection":[{"href":"https:\/\/turkaclinic.com\/tr\/wp-json\/wp\/v2\/pages"}],"about":[{"href":"https:\/\/turkaclinic.com\/tr\/wp-json\/wp\/v2\/types\/page"}],"author":[{"embeddable":true,"href":"https:\/\/turkaclinic.com\/tr\/wp-json\/wp\/v2\/users\/2"}],"replies":[{"embeddable":true,"href":"https:\/\/turkaclinic.com\/tr\/wp-json\/wp\/v2\/comments?post=1393"}],"version-history":[{"count":0,"href":"https:\/\/turkaclinic.com\/tr\/wp-json\/wp\/v2\/pages\/1393\/revisions"}],"wp:featuredmedia":[{"embeddable":true,"href":"https:\/\/turkaclinic.com\/tr\/wp-json\/wp\/v2\/media\/1256"}],"wp:attachment":[{"href":"https:\/\/turkaclinic.com\/tr\/wp-json\/wp\/v2\/media?parent=1393"}],"curies":[{"name":"wp","href":"https:\/\/api.w.org\/{rel}","templated":true}]}}