{"id":1399,"date":"2022-10-23T22:58:51","date_gmt":"2022-10-23T22:58:51","guid":{"rendered":"https:\/\/turkaclinic.com\/?page_id=1399"},"modified":"2022-10-28T14:16:53","modified_gmt":"2022-10-28T14:16:53","slug":"dis-bolumu","status":"publish","type":"page","link":"https:\/\/turkaclinic.com\/tr\/dis-bolumu\/","title":{"rendered":"Di\u015f B\u00f6l\u00fcm\u00fc"},"content":{"rendered":"\t\t<div data-elementor-type=\"wp-page\" data-elementor-id=\"1399\" class=\"elementor elementor-1399\" data-elementor-post-type=\"page\">\n\t\t\t\t\t\t<section class=\"elementor-section elementor-top-section elementor-element elementor-element-4173091 elementor-section-boxed elementor-section-height-default elementor-section-height-default\" data-id=\"4173091\" data-element_type=\"section\" data-e-type=\"section\" data-settings=\"{&quot;jet_parallax_layout_list&quot;:[]}\">\n\t\t\t\t\t\t<div class=\"elementor-container elementor-column-gap-default\">\n\t\t\t\t\t<div class=\"elementor-column elementor-col-100 elementor-top-column elementor-element elementor-element-4a8f0f6\" data-id=\"4a8f0f6\" data-element_type=\"column\" data-e-type=\"column\">\n\t\t\t<div class=\"elementor-widget-wrap elementor-element-populated\">\n\t\t\t\t\t\t<div class=\"elementor-element elementor-element-f967294 elementor-widget elementor-widget-text-editor\" data-id=\"f967294\" data-element_type=\"widget\" data-e-type=\"widget\" data-widget_type=\"text-editor.default\">\n\t\t\t\t<div class=\"elementor-widget-container\">\n\t\t\t\t\t\t\t\t\t<h4><strong>kozmetik di\u015f hekimli\u011fi<\/strong><\/h4><p>Estetik di\u015f hekimli\u011fi, hastan\u0131n durumuna ba\u011fl\u0131 olarak a\u015fa\u011f\u0131dakiler gibi bir\u00e7ok t\u00fcr\u00fc i\u00e7erir:<\/p><ul><li>Di\u015f implantlar\u0131: Di\u015f implantlar\u0131, di\u015flerin k\u00f6klerinin veya eksik di\u015flerin yeni sabit di\u015f implantlar\u0131 ile de\u011fi\u015ftirilmesiyle yap\u0131lan kozmetik bir i\u015flemdir.<\/li><li>Hollywood g\u00fcl\u00fc\u015f\u00fc: Hasarl\u0131 di\u015fin \u00fczerine di\u015f kaplamalar\u0131n\u0131n yerle\u015ftirilmesi ve \u00fczerinin kaplanmas\u0131d\u0131r. Kaplamalar, baz\u0131lar\u0131 kal\u0131c\u0131 veya ge\u00e7ici olan di\u015flerin \u015feklini, rengini ve boyutunu de\u011fi\u015ftirir.<\/li><li>Ortodonti: Malokl\u00fczyonu tedavi eden ve di\u015flerin bir di\u015f teli ile d\u00fczeltilmesini ama\u00e7layan bir prosed\u00fcr. Bu di\u015f teli, her hastaya g\u00f6re doktor taraf\u0131ndan belirlenen bir s\u00fcre boyunca di\u015flerin belirli bir y\u00f6nde preslenmesine yard\u0131mc\u0131 olur.<\/li><li>Beyazlatma: Di\u015f hekimi, di\u015flerinizi istedi\u011finiz gibi beyazlatmak i\u00e7in di\u015fe belirli bir s\u00fcre yerle\u015ftirilen hidrojen ve karbamidi sabitlemek i\u00e7in bir lazer kullan\u0131r.<\/li><\/ul><h4>Estetik Di\u015f Hekimli\u011fi Teknikleri<\/h4><p>Di\u015f teknolojisinin t\u00fcm d\u00fcnyada geli\u015fmesiyle birlikte, T\u00fcrkiye Sa\u011fl\u0131k Bakanl\u0131\u011f\u0131 taraf\u0131ndan akredite edilmi\u015f Turka Clinic T\u0131p Merkezi&#8217;nde donat\u0131lm\u0131\u015f en son k\u00fcresel teknolojileri sunuyoruz. Her t\u00fcr kozmetik di\u015f hekimli\u011fi kendi y\u00f6ntemlerine sahiptir, \u00f6rne\u011fin:<\/p><p>Di\u015f implant(lar)\u0131: Di\u015f implantlar\u0131 saf titanyumdan yap\u0131lm\u0131\u015ft\u0131r ve y\u00fcksek kaliteli Alman ve \u0130svi\u00e7re malzemeleri kullan\u0131larak di\u015fin kemi\u011fine uyacak \u015fekilde tasarlanm\u0131\u015ft\u0131r.<\/p><p>Hollywood G\u00fcl\u00fc\u015f\u00fc: Hollywood g\u00fcl\u00fc\u015f teknikleri kaplamalara dayan\u0131r ve bunlar:<\/p><ul><li>Lumineers: Do\u011fal di\u015f gibi g\u00f6r\u00fcnen ve kal\u0131c\u0131 olarak kalan en yeni kaplama t\u00fcr\u00fcd\u00fcr. Kahve gibi yo\u011fun pigmentasyonu gizlemeye yard\u0131mc\u0131 olur.<\/li><li>Porselen: Di\u015f beyazlatma i\u00e7in an\u0131nda sonu\u00e7 vermesi ve g\u00f6r\u00fcn\u00fcm\u00fcn\u00fc iyile\u015ftirmesi ile karakterizedir. Zirkon: Di\u015f sapmas\u0131n\u0131 ve onar\u0131m fonksiyonunu iyile\u015ftirmek i\u00e7in kullan\u0131l\u0131r.<\/li><\/ul><h4>Estetik di\u015f hekimli\u011finin riskleri<\/h4><p>Baz\u0131 hastalar, i\u015flemlerden \u00f6nce gelen stres ve kayg\u0131dan ve sonras\u0131nda olu\u015fan yan etkilerden ka\u00e7\u0131nmak i\u00e7in kozmetik i\u015flemlerden korkmaktad\u0131r. Ancak estetik di\u015f hekimli\u011fi ile hi\u00e7bir risk yoktur ve hastay\u0131 endi\u015felendiren \u015feyler kolayl\u0131kla giderilebilir.<\/p><p>\u0130\u015flem s\u0131ras\u0131nda hissedece\u011finiz tek \u015fey, lokal anestezi ile giderilebilecek minimal rahats\u0131zl\u0131kt\u0131r. Ameliyattan sonra hafif bir a\u011fr\u0131 hissedebilece\u011finiz gibi, doktorun sizin i\u00e7in re\u00e7ete etti\u011fi a\u011fr\u0131 kesici alarak da bu a\u011fr\u0131lar giderilebilir.<\/p><p>Turka Clinic, hastan\u0131n durumunu periyodik olarak takip eden nitelikli sa\u011fl\u0131k personeli ile hastan\u0131n rahat\u0131n\u0131 \u00f6nemser ve ona en iyi t\u0131bbi bak\u0131m\u0131 sa\u011flar.<\/p><p>Turka Clinic, g\u00fczelli\u011finizi g\u00f6stermek i\u00e7in en iyi dental malzemeleri ve y\u00fcksek kaliteli Alman ve \u0130svi\u00e7re \u00fcr\u00fcnlerini kullan\u0131r.<\/p><p>T\u00fcm bu modern dental implant teknikleri ve bir Hollywood g\u00fcl\u00fc\u015f\u00fc sayesinde, sadece g\u00fcl\u00fc\u015f\u00fcn\u00fcz\u00fcn g\u00fczelli\u011finden de\u011fil, ayn\u0131 zamanda di\u015flerinizin sa\u011fl\u0131\u011f\u0131ndan da tamamen memnun kalman\u0131z i\u00e7in do\u011fal di\u015flerden hi\u00e7bir fark\u0131 olmayan di\u015flerinizin en iyi sonucunu klini\u011fimizde garanti ediyoruz. di\u015flerinizi de.<\/p><h4>Estetik di\u015f hekimli\u011fi i\u015flemleri i\u00e7in adaylar<\/h4><p>Sa\u011fl\u0131kl\u0131 olan herkes estetik di\u015f hekimli\u011fi prosed\u00fcrlerine tabi tutulabilir, yani sa\u011fl\u0131kl\u0131 di\u015f etlerine ve \u00e7ene kemiklerine sahip olurlar. Baz\u0131 hastal\u0131klardan muzdarip ki\u015filerin durumu; Kalp hastal\u0131\u011f\u0131, imm\u00fcn yetmezlik hastal\u0131klar\u0131 veya \u015feker hastal\u0131\u011f\u0131, estetik di\u015f i\u015flemleri \u00f6ncesi hastaya ayr\u0131ca radyografi ve baz\u0131 kan tetkikleri yap\u0131larak sa\u011fl\u0131\u011f\u0131n\u0131n g\u00fcvence alt\u0131na al\u0131nmas\u0131 sa\u011flan\u0131r.<\/p><p>Ayr\u0131ca, a\u015fa\u011f\u0131dakilerden birinden muzdarip ki\u015filer;<\/p><ol><li>Di\u015f kayb\u0131 veya \u00e7atlama.<\/li><li>Di\u015fler renk de\u011fi\u015ftirir, onlar\u0131 sar\u0131 veya koyu yapar.<\/li><li>yanl\u0131\u015f hizalanm\u0131\u015f di\u015fler;<\/li><li>D\u00fczensiz di\u015f \u015fekli.<\/li><li>Her di\u015f aras\u0131nda bo\u015fluklar veya \u00e7\u0131k\u0131nt\u0131lar i\u00e7eren di\u015fler.<\/li><li>Di\u015f bo\u015fluklar\u0131nda yiyecek birikmesi nedeniyle \u00e7eneden gelen korkun\u00e7 koku anlam\u0131na gelen \u00e7ene \u00e7arpmas\u0131.<\/li><\/ol><h4>Estetik di\u015f hekimli\u011fi tedavilerinin planlanmas\u0131<\/h4><p>Turka Clinic&#8217;te estetik di\u015f hekimli\u011fi tedavileri yapmak hi\u00e7 bu kadar kolay olmam\u0131\u015ft\u0131, sadece 3 ad\u0131mda parlak bir g\u00fcl\u00fcmsemeye sahip olabilirsiniz.<\/p><ul><li>Klinik uzmanlar\u0131m\u0131zdan \u00fccretsiz dan\u0131\u015fmanl\u0131k al\u0131n.<\/li><li>\u0130stanbul&#8217;da 5 y\u0131ld\u0131zl\u0131 bir hastanede konaklama ve ula\u015f\u0131m\u0131n\u0131z\u0131 organize edecek ve estetik di\u015f tedavisini ayarlayacak ekip (Turka Clinic) ile koordinasyon.<\/li><li>\u0130stanbul&#8217;a gelin, doktorunuzla tan\u0131\u015f\u0131n, hayat\u0131n\u0131z\u0131 de\u011fi\u015ftirme s\u00fcrecine haz\u0131rlan\u0131n ve garanti belgenizi al\u0131n.<\/li><\/ul>\t\t\t\t\t\t\t\t<\/div>\n\t\t\t\t<\/div>\n\t\t\t\t\t<\/div>\n\t\t<\/div>\n\t\t\t\t\t<\/div>\n\t\t<\/section>\n\t\t\t\t<section class=\"elementor-section elementor-top-section elementor-element elementor-element-11fca3e elementor-section-boxed elementor-section-height-default elementor-section-height-default\" data-id=\"11fca3e\" data-element_type=\"section\" data-e-type=\"section\" data-settings=\"{&quot;jet_parallax_layout_list&quot;:[],&quot;animation_mobile&quot;:&quot;bounceIn&quot;}\">\n\t\t\t\t\t\t<div class=\"elementor-container elementor-column-gap-default\">\n\t\t\t\t\t<div class=\"elementor-column elementor-col-100 elementor-top-column elementor-element elementor-element-ebd06fc\" data-id=\"ebd06fc\" data-element_type=\"column\" data-e-type=\"column\">\n\t\t\t<div class=\"elementor-widget-wrap elementor-element-populated\">\n\t\t\t\t\t\t<div class=\"elementor-element elementor-element-d8808c4 elementor-widget elementor-widget-jet-posts\" data-id=\"d8808c4\" data-element_type=\"widget\" data-e-type=\"widget\" data-settings=\"{&quot;columns&quot;:&quot;2&quot;,&quot;columns_mobile&quot;:&quot;1&quot;,&quot;slides_to_scroll&quot;:&quot;1&quot;}\" data-widget_type=\"jet-posts.default\">\n\t\t\t\t<div class=\"elementor-widget-container\">\n\t\t\t\t\t<div class=\"elementor-jet-posts jet-elements\"><div class=\"jet-posts col-row  jet-equal-cols\"><div class=\"jet-posts__item\">\n\t<div class=\"jet-posts__inner-box\" style=\"background-image: url('https:\/\/turkaclinic.com\/wp-content\/uploads\/2022\/10\/dd-1.jpg'); background-repeat: no-repeat; background-size: cover; background-position: center center;\"><div class=\"jet-posts__inner-content\"><h4 class=\"entry-title\"><a href=\"https:\/\/turkaclinic.com\/tr\/dental-tr\/dis-implanti\/\" target=\"\">Di\u015f \u0130mplant\u0131<\/a><\/h4><div class=\"entry-excerpt\">Di\u015f implant\u0131 hedefleri Bir di\u015f d\u00fc\u015ft\u00fc\u011f\u00fcnde geride bo\u015fluk b\u0131rakarak kalan di\u015flerin zamanla yer de\u011fi\u015ftirmesine neden olarak t\u00fcm protezde sonradan d\u00fczeltilmesi&hellip;<\/div><\/div><\/div>\n<\/div>\n<div class=\"jet-posts__item\">\n\t<div class=\"jet-posts__inner-box\" style=\"background-image: url('https:\/\/turkaclinic.com\/wp-content\/uploads\/2022\/10\/hs.jpg'); background-repeat: no-repeat; background-size: cover; background-position: center center;\"><div class=\"jet-posts__inner-content\"><h4 class=\"entry-title\"><a href=\"https:\/\/turkaclinic.com\/tr\/dental-tr\/hollywood-gulusu\/\" target=\"\">Hollywood G\u00fcl\u00fc\u015f\u00fc<\/a><\/h4><div class=\"entry-excerpt\">Turka Clinic&#8217;te Hollywood g\u00fcl\u00fc\u015f\u00fc Di\u015f kaplamalar\u0131 olarak da bilinen bu kaplamalar, hastan\u0131n di\u015flerinin g\u00fczelli\u011fini ve g\u00fcc\u00fcn\u00fc art\u0131rmak amac\u0131yla di\u015flerin \u00f6n\u00fcn\u00fc&hellip;<\/div><\/div><\/div>\n<\/div>\n<\/div>\n<\/div>\t\t\t\t<\/div>\n\t\t\t\t<\/div>\n\t\t\t\t\t<\/div>\n\t\t<\/div>\n\t\t\t\t\t<\/div>\n\t\t<\/section>\n\t\t\t\t<\/div>\n\t\t","protected":false},"excerpt":{"rendered":"<p>kozmetik di\u015f hekimli\u011fi Estetik di\u015f hekimli\u011fi, hastan\u0131n durumuna ba\u011fl\u0131 olarak a\u015fa\u011f\u0131dakiler gibi bir\u00e7ok t\u00fcr\u00fc i\u00e7erir: Di\u015f implantlar\u0131: Di\u015f implantlar\u0131, di\u015flerin k\u00f6klerinin veya eksik di\u015flerin yeni sabit di\u015f implantlar\u0131 ile de\u011fi\u015ftirilmesiyle yap\u0131lan kozmetik bir i\u015flemdir. Hollywood g\u00fcl\u00fc\u015f\u00fc: Hasarl\u0131 di\u015fin \u00fczerine di\u015f kaplamalar\u0131n\u0131n yerle\u015ftirilmesi ve \u00fczerinin kaplanmas\u0131d\u0131r. Kaplamalar, baz\u0131lar\u0131 kal\u0131c\u0131 veya ge\u00e7ici olan di\u015flerin \u015feklini, rengini ve [&hellip;]<\/p>\n","protected":false},"author":2,"featured_media":1341,"parent":0,"menu_order":0,"comment_status":"closed","ping_status":"closed","template":"","meta":{"footnotes":""},"class_list":["post-1399","page","type-page","status-publish","has-post-thumbnail","hentry"],"_links":{"self":[{"href":"https:\/\/turkaclinic.com\/tr\/wp-json\/wp\/v2\/pages\/1399","targetHints":{"allow":["GET"]}}],"collection":[{"href":"https:\/\/turkaclinic.com\/tr\/wp-json\/wp\/v2\/pages"}],"about":[{"href":"https:\/\/turkaclinic.com\/tr\/wp-json\/wp\/v2\/types\/page"}],"author":[{"embeddable":true,"href":"https:\/\/turkaclinic.com\/tr\/wp-json\/wp\/v2\/users\/2"}],"replies":[{"embeddable":true,"href":"https:\/\/turkaclinic.com\/tr\/wp-json\/wp\/v2\/comments?post=1399"}],"version-history":[{"count":0,"href":"https:\/\/turkaclinic.com\/tr\/wp-json\/wp\/v2\/pages\/1399\/revisions"}],"wp:featuredmedia":[{"embeddable":true,"href":"https:\/\/turkaclinic.com\/tr\/wp-json\/wp\/v2\/media\/1341"}],"wp:attachment":[{"href":"https:\/\/turkaclinic.com\/tr\/wp-json\/wp\/v2\/media?parent=1399"}],"curies":[{"name":"wp","href":"https:\/\/api.w.org\/{rel}","templated":true}]}}