{"id":2251,"date":"2022-10-28T15:32:03","date_gmt":"2022-10-28T12:32:03","guid":{"rendered":"https:\/\/turkaclinic.com\/?page_id=2251"},"modified":"2022-10-28T17:32:13","modified_gmt":"2022-10-28T17:32:13","slug":"ameliyatsiz-medikal-estetik-kursu","status":"publish","type":"page","link":"https:\/\/turkaclinic.com\/tr\/ameliyatsiz-medikal-estetik-kursu\/","title":{"rendered":"Ameliyats\u0131z Medikal Estetik Kursu"},"content":{"rendered":"<h5><strong>???? Ameliyats\u0131z Medikal Estetik Kursu???? \u0130stanbul&#8217;da<\/strong><\/h5>\n<p>\u2728 dolgu<br \/>\n\u2728Botoks<br \/>\n\u2728 iplikler<br \/>\n\u2728 Mezoterapi<br \/>\n\u2728 Plazma..<\/p>\n<p>???? Kurs 15\/12\/2022&#8217;de ba\u015fl\u0131yor.. Kurs s\u00fcresi 7 g\u00fcn 36 saat teorik ve pratik e\u011fitimdir.<\/p>\n<p>???? T\u0131bbi kozmetoloji becerilerini do\u011fru ve profesyonel bir \u015fekilde \u00f6\u011frenin.<br \/>\n???? \u0130ngiltere&#8217;deki Cambridge International College taraf\u0131ndan verilen sertifika.<\/p>\n<p>???? Ger\u00e7ek ki\u015filere pratik uygulama.<\/p>\n<p>???? Kapsaml\u0131 medikal estetik alan\u0131nda 10 y\u0131l\u0131 a\u015fk\u0131n deneyime sahip uluslararas\u0131 bir e\u011fitmen ve uzman doktor.<\/p>\n<p>???? \u00dccretler: E\u011fitimde kullan\u0131lan malzemeler ve Cambridge taraf\u0131ndan onaylanm\u0131\u015f uluslararas\u0131 sertifika \u00fccretleri dahil sadece 2000$.<\/p>\n<p>???? Kurs i\u00e7eri\u011fi:<\/p>\n<p><strong>????Botoks:<\/strong><br \/>\nBotoks&#8217;a Giri\u015f.<br \/>\nBOTOX haz\u0131rlama y\u00f6ntemleri ve y\u00fcz\u00fcn \u00fcst \u00fc\u00e7te birlik k\u0131sm\u0131na enjekte edilecek yerler.<br \/>\nBotox enjeksiyonlar\u0131 i\u00e7in tehlikeli yerler.<br \/>\nBotoks ile ilgili uygulamal\u0131 e\u011fitim.<br \/>\n&#8211; A\u015fa\u011f\u0131daki alanlarda \u00fcst y\u00fcz enjeksiyonlar\u0131:<br \/>\n\u2714 kosha hatt\u0131<br \/>\n\u2714 Al\u0131n k\u0131r\u0131\u015f\u0131kl\u0131klar\u0131<br \/>\n\u2714 G\u00f6z \u00e7evresindeki k\u0131r\u0131\u015f\u0131kl\u0131k \u00e7izgileri<br \/>\n\u2714 Ka\u015f kald\u0131rma<\/p>\n<p><strong>???? DOLGU:<\/strong><br \/>\nDolgu maddelerine giri\u015f.<br \/>\n&#8211; Y\u00fcz\u00fcn \u00e7e\u015fitli temel b\u00f6lgelerine dolgu enjeksiyonlar\u0131.<br \/>\n&#8211; Dudak dolgusu ve kozmetik uzman\u0131n\u0131n teknikleri.<br \/>\nYanak, yanak ve burun i\u00e7in dolgu ve \u00e7izim y\u00f6ntemleri.<br \/>\n\u00dczg\u00fcn \u200b\u200ba\u011f\u0131z \u00e7izgisi k\u0131r\u0131\u015f\u0131kl\u0131klar\u0131.<br \/>\nDolgu \u00fczerine uygulamal\u0131 e\u011fitim.<\/p>\n<p><strong>????Alt\u0131n iplikler:<\/strong><br \/>\nAlt\u0131n ipliklere giri\u015f.<br \/>\nT\u0131bbi kozmetoloji alan\u0131nda iplikler ve s\u00fcrd\u00fcr\u00fclebilirlikleri.<br \/>\n&#8211; \u0130plikler \u00fczerinde uygulamal\u0131 e\u011fitim.<\/p>\n<p><strong>????Plazma (PRP):<\/strong><br \/>\nPlazmaya giri\u015f.<br \/>\n&#8211; Kan \u00f6rneklerinin al\u0131nmas\u0131.<br \/>\nPlazman\u0131n kandan ayr\u0131lmas\u0131.<br \/>\n&#8211; Trombositten zengin plazma (PRP) ve kozmetik uygulamalar\u0131.<br \/>\nV\u00fccuda ve sa\u00e7a plazma enjeksiyonlar\u0131.<br \/>\nPlazma \u00fczerine uygulamal\u0131 e\u011fitim.<\/p>\n<p><strong>???? Mezoterapi:<\/strong><br \/>\nMezoterapiye Giri\u015f.<br \/>\nMezoterapi kullan\u0131r.<br \/>\nCilt pigmentasyonu ve gen\u00e7le\u015ftirme tedavileri.<br \/>\nMezoterapi \u00fczerine uygulamal\u0131 e\u011fitim.<\/p>\n<p>\u2663???? \u2663???? \u2663???? \u2663????\u2663????<br \/>\nKurs fiyat\u0131 vip<br \/>\nAkredite uluslararas\u0131 sertifika ile e\u011fitim ve 2000 Euro&#8217;luk \u00f6zel bir fiyata 10 g\u00fcn boyunca havaalan\u0131nda resepsiyonlu 5 y\u0131ld\u0131zl\u0131 otel konaklamas\u0131n\u0131 i\u00e7erir.<\/p>\n<p>\u2714 \u2714 Kay\u0131t ve sorular\u0131n\u0131z i\u00e7in l\u00fctfen Abdel Barbad sayfas\u0131ndan ???? veya a\u015fa\u011f\u0131daki numaran\u0131n WhatsApp kutular\u0131ndan ileti\u015fime ge\u00e7in, herkes davetlidir:<\/p>\n<p>+905305147787<\/p>\n","protected":false},"excerpt":{"rendered":"<p>???? Ameliyats\u0131z Medikal Estetik Kursu???? \u0130stanbul&#8217;da \u2728 dolgu \u2728Botoks \u2728 iplikler \u2728 Mezoterapi \u2728 Plazma.. ???? Kurs 15\/12\/2022&#8217;de ba\u015fl\u0131yor.. Kurs s\u00fcresi 7 g\u00fcn 36 saat teorik ve pratik e\u011fitimdir. ???? T\u0131bbi kozmetoloji becerilerini do\u011fru ve profesyonel bir \u015fekilde \u00f6\u011frenin. ???? \u0130ngiltere&#8217;deki Cambridge International College taraf\u0131ndan verilen sertifika. ???? Ger\u00e7ek ki\u015filere pratik uygulama. ???? Kapsaml\u0131 medikal [&hellip;]<\/p>\n","protected":false},"author":2,"featured_media":3220,"parent":0,"menu_order":0,"comment_status":"closed","ping_status":"closed","template":"","meta":{"footnotes":""},"class_list":["post-2251","page","type-page","status-publish","has-post-thumbnail","hentry"],"_links":{"self":[{"href":"https:\/\/turkaclinic.com\/tr\/wp-json\/wp\/v2\/pages\/2251","targetHints":{"allow":["GET"]}}],"collection":[{"href":"https:\/\/turkaclinic.com\/tr\/wp-json\/wp\/v2\/pages"}],"about":[{"href":"https:\/\/turkaclinic.com\/tr\/wp-json\/wp\/v2\/types\/page"}],"author":[{"embeddable":true,"href":"https:\/\/turkaclinic.com\/tr\/wp-json\/wp\/v2\/users\/2"}],"replies":[{"embeddable":true,"href":"https:\/\/turkaclinic.com\/tr\/wp-json\/wp\/v2\/comments?post=2251"}],"version-history":[{"count":0,"href":"https:\/\/turkaclinic.com\/tr\/wp-json\/wp\/v2\/pages\/2251\/revisions"}],"wp:featuredmedia":[{"embeddable":true,"href":"https:\/\/turkaclinic.com\/tr\/wp-json\/wp\/v2\/media\/3220"}],"wp:attachment":[{"href":"https:\/\/turkaclinic.com\/tr\/wp-json\/wp\/v2\/media?parent=2251"}],"curies":[{"name":"wp","href":"https:\/\/api.w.org\/{rel}","templated":true}]}}