{"id":461,"date":"2022-04-19T14:22:41","date_gmt":"2022-04-19T11:22:41","guid":{"rendered":"https:\/\/turkaclinic.com\/?page_id=461"},"modified":"2022-10-28T14:37:36","modified_gmt":"2022-10-28T14:37:36","slug":"genital-estetik","status":"publish","type":"page","link":"https:\/\/turkaclinic.com\/tr\/genital-estetik\/","title":{"rendered":"Genital Estetik"},"content":{"rendered":"\t\t<div data-elementor-type=\"wp-page\" data-elementor-id=\"461\" class=\"elementor elementor-461 elementor-305\" data-elementor-post-type=\"page\">\n\t\t\t\t\t\t<section class=\"elementor-section elementor-top-section elementor-element elementor-element-97b8656 elementor-section-boxed elementor-section-height-default elementor-section-height-default\" data-id=\"97b8656\" data-element_type=\"section\" data-e-type=\"section\" data-settings=\"{&quot;jet_parallax_layout_list&quot;:[],&quot;background_background&quot;:&quot;classic&quot;}\">\n\t\t\t\t\t\t<div class=\"elementor-container elementor-column-gap-default\">\n\t\t\t\t\t<div class=\"elementor-column elementor-col-100 elementor-top-column elementor-element elementor-element-da9fb00\" data-id=\"da9fb00\" data-element_type=\"column\" data-e-type=\"column\">\n\t\t\t<div class=\"elementor-widget-wrap elementor-element-populated\">\n\t\t\t\t\t\t<div class=\"elementor-element elementor-element-b2f19d8 elementor-widget elementor-widget-spacer\" data-id=\"b2f19d8\" data-element_type=\"widget\" data-e-type=\"widget\" data-widget_type=\"spacer.default\">\n\t\t\t\t<div class=\"elementor-widget-container\">\n\t\t\t\t\t\t\t<div class=\"elementor-spacer\">\n\t\t\t<div class=\"elementor-spacer-inner\"><\/div>\n\t\t<\/div>\n\t\t\t\t\t\t<\/div>\n\t\t\t\t<\/div>\n\t\t\t\t<div class=\"elementor-element elementor-element-ef0ff34 elementor-widget elementor-widget-heading\" data-id=\"ef0ff34\" data-element_type=\"widget\" data-e-type=\"widget\" data-widget_type=\"heading.default\">\n\t\t\t\t<div class=\"elementor-widget-container\">\n\t\t\t\t\t<h2 class=\"elementor-heading-title elementor-size-default\">Genital Estetik<\/h2>\t\t\t\t<\/div>\n\t\t\t\t<\/div>\n\t\t\t\t\t<\/div>\n\t\t<\/div>\n\t\t\t\t\t<\/div>\n\t\t<\/section>\n\t\t\t\t<section class=\"elementor-section elementor-top-section elementor-element elementor-element-9bfec95 elementor-section-boxed elementor-section-height-default elementor-section-height-default\" data-id=\"9bfec95\" data-element_type=\"section\" data-e-type=\"section\" data-settings=\"{&quot;jet_parallax_layout_list&quot;:[]}\">\n\t\t\t\t\t\t<div class=\"elementor-container elementor-column-gap-default\">\n\t\t\t\t\t<div class=\"elementor-column elementor-col-100 elementor-top-column elementor-element elementor-element-3f8c1b1\" data-id=\"3f8c1b1\" data-element_type=\"column\" data-e-type=\"column\" data-settings=\"{&quot;background_background&quot;:&quot;classic&quot;}\">\n\t\t\t<div class=\"elementor-widget-wrap elementor-element-populated\">\n\t\t\t\t\t\t<div class=\"elementor-element elementor-element-0bc4c51 elementor-widget elementor-widget-image\" data-id=\"0bc4c51\" data-element_type=\"widget\" data-e-type=\"widget\" data-widget_type=\"image.default\">\n\t\t\t\t<div class=\"elementor-widget-container\">\n\t\t\t\t\t\t\t\t\t\t\t\t\t\t\t<img fetchpriority=\"high\" decoding=\"async\" width=\"1920\" height=\"1080\" src=\"https:\/\/turkaclinic.com\/wp-content\/uploads\/2022\/04\/vaginoplasty.jpg\" class=\"attachment-full size-full wp-image-182\" alt=\"\u062a\u0636\u064a\u064a\u0642 \u0627\u0644\u0645\u0647\u0628\u0644 \u0641\u064a \u062a\u0631\u0643\u064a\u0627\" srcset=\"https:\/\/turkaclinic.com\/wp-content\/uploads\/2022\/04\/vaginoplasty.jpg 1920w, https:\/\/turkaclinic.com\/wp-content\/uploads\/2022\/04\/vaginoplasty-300x169.jpg 300w, https:\/\/turkaclinic.com\/wp-content\/uploads\/2022\/04\/vaginoplasty-1024x576.jpg 1024w, https:\/\/turkaclinic.com\/wp-content\/uploads\/2022\/04\/vaginoplasty-768x432.jpg 768w, https:\/\/turkaclinic.com\/wp-content\/uploads\/2022\/04\/vaginoplasty-1536x864.jpg 1536w\" sizes=\"(max-width: 1920px) 100vw, 1920px\" title=\"\">\t\t\t\t\t\t\t\t\t\t\t\t\t\t\t<\/div>\n\t\t\t\t<\/div>\n\t\t\t\t<div class=\"elementor-element elementor-element-d4b444c elementor-widget elementor-widget-text-editor\" data-id=\"d4b444c\" data-element_type=\"widget\" data-e-type=\"widget\" data-widget_type=\"text-editor.default\">\n\t\t\t\t<div class=\"elementor-widget-container\">\n\t\t\t\t\t\t\t\t\t<p>Genital estetik. D\u00fcnyada \u00f6zellikle son yirmi y\u0131lda geli\u015fen estetik bir aland\u0131r. \u00dclkemizde \u00f6zellikle genital estetik alan\u0131nda deneyimli ve bilgili doktorlar\u0131n artmas\u0131 ile son on y\u0131lda kozmetik operasyonlar\u0131n b\u00fcy\u00fck bir y\u00fczdesini genital estetik olu\u015fturmu\u015ftur. Genital Estetik \u00d6rt\u00fcler<\/p><p>Genital b\u00f6lge ile ilgili bir dizi operasyon. \u00dclkemizde cinsel organ esteti\u011fi denilince vajina esteti\u011fi daha \u00e7ok anla\u015f\u0131l\u0131r.<\/p><p>Genital estetik, hem estetik hem de fonksiyonel olarak cerrahi ve cerrahi olmayan i\u015flemlerden fazlas\u0131n\u0131 i\u00e7erir. Genital estetik ise kad\u0131n genital b\u00f6lgesini gen\u00e7le\u015ftirmek ve g\u00fczelle\u015ftirmek i\u00e7in yap\u0131lan t\u00fcm operasyonlara verilen isimdir. Genital esteti\u011fin di\u011fer operasyonlardan fark\u0131 sadece estetik de\u011fil ayn\u0131 zamanda fonksiyonel, cinsel, psikolojik, medikal ve hijyeniktir,<\/p><p>\u00a0Ve bu alanlarda kad\u0131nlar\u0131n ya\u015fam konforunu etkiler.<\/p><p>Genital esteti\u011fin amac\u0131, genital b\u00f6lgenin g\u00fczel bir g\u00f6r\u00fcn\u00fcm\u00fcn\u00fc elde etmek ve kad\u0131n\u0131n kariyer kalitesini y\u00fckseltmektir. Genital plastik cerrahi, do\u011fu\u015ftan veya sonradan olu\u015fan anatomik bozukluklar\u0131 ortadan kald\u0131r\u0131r. \u00d6zellikle \u015fekil bozukluklar\u0131 kad\u0131nlarda ciddi bir \u00f6zg\u00fcven eksikli\u011fine yol a\u00e7maktad\u0131r. Ancak cinsel ya\u015famda olumsuzluklara, cinsel isteksizli\u011fe, enfeksiyona ve kayg\u0131ya neden olur. Cerrahi ve cerrahi olmayan m\u00fcdahaleler kad\u0131nlar\u0131n sosyal olarak daha rahat hissetmelerini, \u00f6zg\u00fcven kazanmalar\u0131n\u0131 ve daha iyi bir ya\u015fam s\u00fcrmelerini sa\u011flar.<\/p><p>Daha d\u00fczenli seks. En \u00f6nemli genital ameliyatlar \u015funlard\u0131r: labioplasti (k\u00fc\u00e7\u00fck dudak esteti\u011fi), vajinoplasti (vajina daraltma), b\u00fcy\u00fck dudaklar i\u00e7in dudak b\u00fcy\u00fctme, kilorohipoplazi, periok\u00fcler b\u00fcy\u00fctme, vajina beyazlatma, ya\u011f enjeksiyonu<\/p>\t\t\t\t\t\t\t\t<\/div>\n\t\t\t\t<\/div>\n\t\t\t\t\t<\/div>\n\t\t<\/div>\n\t\t\t\t\t<\/div>\n\t\t<\/section>\n\t\t\t\t<section class=\"elementor-section elementor-top-section elementor-element elementor-element-0a58132 elementor-section-boxed elementor-section-height-default elementor-section-height-default\" data-id=\"0a58132\" data-element_type=\"section\" data-e-type=\"section\" data-settings=\"{&quot;jet_parallax_layout_list&quot;:[]}\">\n\t\t\t\t\t\t<div class=\"elementor-container elementor-column-gap-default\">\n\t\t\t\t\t<div class=\"elementor-column elementor-col-100 elementor-top-column elementor-element elementor-element-982ae6f\" data-id=\"982ae6f\" data-element_type=\"column\" data-e-type=\"column\">\n\t\t\t<div class=\"elementor-widget-wrap elementor-element-populated\">\n\t\t\t\t\t\t<div class=\"elementor-element elementor-element-e3daaee elementor-widget elementor-widget-jet-posts\" data-id=\"e3daaee\" data-element_type=\"widget\" data-e-type=\"widget\" data-settings=\"{&quot;columns_mobile&quot;:&quot;1&quot;,&quot;columns&quot;:3,&quot;slides_to_scroll&quot;:&quot;1&quot;}\" data-widget_type=\"jet-posts.default\">\n\t\t\t\t<div class=\"elementor-widget-container\">\n\t\t\t\t\t<div class=\"elementor-jet-posts jet-elements\"><div class=\"jet-posts col-row  jet-equal-cols\"><div class=\"jet-posts__item\">\n\t<div class=\"jet-posts__inner-box\" style=\"background-image: url('https:\/\/turkaclinic.com\/wp-content\/uploads\/2022\/10\/incontinence.jpg'); background-repeat: no-repeat; background-size: cover; background-position: center center;\"><div class=\"jet-posts__inner-content\"><h4 class=\"entry-title\"><a href=\"https:\/\/turkaclinic.com\/tr\/operations-2\/idrar-kacirma\/\" target=\"\">\u0130drar Ka\u00e7\u0131rma<\/a><\/h4><div class=\"entry-excerpt\">\u0130drar Ka\u00e7\u0131rma Nedir?&nbsp; \u0130drar ka\u00e7\u0131rma, \u00fcriner sistemi, \u00f6zellikle mesaneyi etkileyen rahats\u0131zl\u0131klardan biridir ve hastan\u0131n idrar \u00e7\u0131k\u0131\u015f\u0131n\u0131 kontrol etme yetene\u011fini kaybetti\u011fi&hellip;<\/div><\/div><\/div>\n<\/div>\n<div class=\"jet-posts__item\">\n\t<div class=\"jet-posts__inner-box\" style=\"background-image: url('https:\/\/turkaclinic.com\/wp-content\/uploads\/2022\/10\/\u062b\u0627\u0644\u064a\u0644-\u0627\u0644\u0623\u0639\u0636\u0627\u0621-\u0627\u0644\u062a\u0646\u0627\u0633\u0644\u064a\u0647.jpg'); background-repeat: no-repeat; background-size: cover; background-position: center center;\"><div class=\"jet-posts__inner-content\"><h4 class=\"entry-title\"><a href=\"https:\/\/turkaclinic.com\/tr\/operations-2\/genital-sigiller\/\" target=\"\">Genital Si\u011filler<\/a><\/h4><div class=\"entry-excerpt\">Genital si\u011filler: Genital si\u011fillerin ameliyats\u0131z tedavisinin (lazer y\u00f6ntemi) avantajlar\u0131: Di\u015f dolgular\u0131 kadar rahat ve h\u0131zl\u0131 oldu\u011fu i\u00e7in hastanede yat\u0131\u015f gerektirmez.&hellip;<\/div><\/div><\/div>\n<\/div>\n<div class=\"jet-posts__item\">\n\t<div class=\"jet-posts__inner-box\"><div class=\"jet-posts__inner-content\"><h4 class=\"entry-title\"><a href=\"https:\/\/turkaclinic.com\/tr\/operations-2\/hemoroid\/\" target=\"\">Hemoroid<\/a><\/h4><div class=\"entry-excerpt\">Hemoroid nedir? Hemoroid, anal kanal\u0131n i\u00e7 duvar\u0131n\u0131n astar\u0131n\u0131n alt\u0131nda yer alan geni\u015flemi\u015f ven\u00f6z kitlelere verilen isimdir. D\u0131\u015fa do\u011fru sarkan damarlar&hellip;<\/div><\/div><\/div>\n<\/div>\n<div class=\"jet-posts__item\">\n\t<div class=\"jet-posts__inner-box\" style=\"background-image: url('https:\/\/turkaclinic.com\/wp-content\/uploads\/2022\/04\/G-Spot-Magnification.jpg'); background-repeat: no-repeat; background-size: cover; background-position: center center;\"><div class=\"jet-posts__inner-content\"><h4 class=\"entry-title\"><a href=\"https:\/\/turkaclinic.com\/tr\/operations-2\/g-noktasi-enjeksiyonu\/\" target=\"\">G Noktas\u0131 Enjeksiyonu<\/a><\/h4><div class=\"entry-excerpt\">Bu uygulama estetik jinekolojide son y\u0131llarda s\u0131kl\u0131kla uygulanan bir i\u015flemdir. G noktas\u0131 enjeksiyonu, kad\u0131nlarda \u00f6zg\u00fcveni art\u0131ran, cinsel haz ve uyar\u0131m\u0131&hellip;<\/div><\/div><\/div>\n<\/div>\n<div class=\"jet-posts__item\">\n\t<div class=\"jet-posts__inner-box\" style=\"background-image: url('https:\/\/turkaclinic.com\/wp-content\/uploads\/2022\/04\/hymen.jpg'); background-repeat: no-repeat; background-size: cover; background-position: center center;\"><div class=\"jet-posts__inner-content\"><h4 class=\"entry-title\"><a href=\"https:\/\/turkaclinic.com\/tr\/operations-2\/kizlik-zari-onarimi\/\" target=\"\">K\u0131zl\u0131k Zar\u0131 Onar\u0131m\u0131<\/a><\/h4><div class=\"entry-excerpt\">K\u0131zl\u0131k zar\u0131 onar\u0131m\u0131 s\u00fcreci nas\u0131ld\u0131r? K\u0131zl\u0131k zar\u0131n\u0131n \u00e7e\u015fitli nedenlerle kaybedildikten sonra pozisyonunu d\u00fczeltmek i\u00e7in yap\u0131lan bir i\u015flemdir, bu i\u015flemin bir&hellip;<\/div><\/div><\/div>\n<\/div>\n<div class=\"jet-posts__item\">\n\t<div class=\"jet-posts__inner-box\" style=\"background-image: url('https:\/\/turkaclinic.com\/wp-content\/uploads\/2022\/04\/labiaplasty.jpg'); background-repeat: no-repeat; background-size: cover; background-position: center center;\"><div class=\"jet-posts__inner-content\"><h4 class=\"entry-title\"><a href=\"https:\/\/turkaclinic.com\/tr\/operations-2\/vajinal-dudak-kucultme\/\" target=\"\">Vajinal Dudak K\u00fc\u00e7\u00fcltme<\/a><\/h4><div class=\"entry-excerpt\">Vajinal dudak k\u00fc\u00e7\u00fcltme (Labioplasty) Vajinal labioplasti, bu b\u00f6lgeyi vajinan\u0131n \u015fekline uyacak \u015fekilde k\u00fc\u00e7\u00fcltmeyi ve b\u0131\u00e7aklar\u0131n\u0131n b\u00fcy\u00fck olmas\u0131 nedeniyle rahats\u0131zl\u0131k \u00e7eken&hellip;<\/div><\/div><\/div>\n<\/div>\n<div class=\"jet-posts__item\">\n\t<div class=\"jet-posts__inner-box\" style=\"background-image: url('https:\/\/turkaclinic.com\/wp-content\/uploads\/2022\/04\/vaginoplasty.jpg'); background-repeat: no-repeat; background-size: cover; background-position: center center;\"><div class=\"jet-posts__inner-content\"><h4 class=\"entry-title\"><a href=\"https:\/\/turkaclinic.com\/tr\/operations-2\/vajina-daraltma-islemi\/\" target=\"\">Vajina Daraltma \u0130\u015flemi<\/a><\/h4><div class=\"entry-excerpt\">vajina daraltma i\u015flemi En \u00f6nemlileri do\u011fum ve k\u00fcrtaj olmak \u00fczere bir\u00e7ok nedene ba\u011fl\u0131 olarak olu\u015fan vajina geni\u015flemesini tedavi eden bir&hellip;<\/div><\/div><\/div>\n<\/div>\n<\/div>\n<\/div>\t\t\t\t<\/div>\n\t\t\t\t<\/div>\n\t\t\t\t\t<\/div>\n\t\t<\/div>\n\t\t\t\t\t<\/div>\n\t\t<\/section>\n\t\t\t\t<\/div>\n\t\t","protected":false},"excerpt":{"rendered":"<p>Genital Estetik Genital estetik. D\u00fcnyada \u00f6zellikle son yirmi y\u0131lda geli\u015fen estetik bir aland\u0131r. \u00dclkemizde \u00f6zellikle genital estetik alan\u0131nda deneyimli ve bilgili doktorlar\u0131n artmas\u0131 ile son on y\u0131lda kozmetik operasyonlar\u0131n b\u00fcy\u00fck bir y\u00fczdesini genital estetik olu\u015fturmu\u015ftur. Genital Estetik \u00d6rt\u00fcler Genital b\u00f6lge ile ilgili bir dizi operasyon. \u00dclkemizde cinsel organ esteti\u011fi denilince vajina esteti\u011fi daha \u00e7ok anla\u015f\u0131l\u0131r. [&hellip;]<\/p>\n","protected":false},"author":2,"featured_media":182,"parent":0,"menu_order":0,"comment_status":"closed","ping_status":"closed","template":"elementor_header_footer","meta":{"footnotes":""},"class_list":["post-461","page","type-page","status-publish","has-post-thumbnail","hentry"],"_links":{"self":[{"href":"https:\/\/turkaclinic.com\/tr\/wp-json\/wp\/v2\/pages\/461","targetHints":{"allow":["GET"]}}],"collection":[{"href":"https:\/\/turkaclinic.com\/tr\/wp-json\/wp\/v2\/pages"}],"about":[{"href":"https:\/\/turkaclinic.com\/tr\/wp-json\/wp\/v2\/types\/page"}],"author":[{"embeddable":true,"href":"https:\/\/turkaclinic.com\/tr\/wp-json\/wp\/v2\/users\/2"}],"replies":[{"embeddable":true,"href":"https:\/\/turkaclinic.com\/tr\/wp-json\/wp\/v2\/comments?post=461"}],"version-history":[{"count":0,"href":"https:\/\/turkaclinic.com\/tr\/wp-json\/wp\/v2\/pages\/461\/revisions"}],"wp:featuredmedia":[{"embeddable":true,"href":"https:\/\/turkaclinic.com\/tr\/wp-json\/wp\/v2\/media\/182"}],"wp:attachment":[{"href":"https:\/\/turkaclinic.com\/tr\/wp-json\/wp\/v2\/media?parent=461"}],"curies":[{"name":"wp","href":"https:\/\/api.w.org\/{rel}","templated":true}]}}